{"id":27,"date":"2022-08-17T14:02:14","date_gmt":"2022-08-17T14:02:14","guid":{"rendered":"https:\/\/wpe-nginx.pixeltypen.de\/?page_id=27"},"modified":"2026-03-10T14:56:41","modified_gmt":"2026-03-10T13:56:41","slug":"impressum","status":"publish","type":"page","link":"https:\/\/www.danumed.com\/de\/imprint\/","title":{"rendered":"Impressum"},"content":{"rendered":"<div data-elementor-type=\"wp-page\" data-elementor-id=\"27\" class=\"elementor elementor-27\" data-elementor-post-type=\"page\">\n\t\t\t\t<div class=\"elementor-element elementor-element-83715be e-con-full e-flex e-con e-parent\" data-id=\"83715be\" data-element_type=\"container\" data-e-type=\"container\" data-settings=\"{&quot;shape_divider_bottom&quot;:&quot;waves&quot;,&quot;shape_divider_bottom_negative&quot;:&quot;yes&quot;}\">\n\t\t\t\t<div class=\"elementor-shape elementor-shape-bottom\" aria-hidden=\"true\" data-negative=\"true\">\n\t\t\t<svg xmlns=\"http:\/\/www.w3.org\/2000\/svg\" viewbox=\"0 0 1000 100\" preserveaspectratio=\"none\">\n\t<path class=\"elementor-shape-fill\" d=\"M790.5,93.1c-59.3-5.3-116.8-18-192.6-50c-29.6-12.7-76.9-31-100.5-35.9c-23.6-4.9-52.6-7.8-75.5-5.3\tc-10.2,1.1-22.6,1.4-50.1,7.4c-27.2,6.3-58.2,16.6-79.4,24.7c-41.3,15.9-94.9,21.9-134,22.6C72,58.2,0,25.8,0,25.8V100h1000V65.3\tc0,0-51.5,19.4-106.2,25.7C839.5,97,814.1,95.2,790.5,93.1z\"\/>\n<\/svg>\t\t<\/div>\n\t\t\t\t<div class=\"elementor-element elementor-element-26718f6 elementor--h-position-left elementor--v-position-middle elementor-arrows-position-inside elementor-widget elementor-widget-slides\" data-id=\"26718f6\" data-element_type=\"widget\" data-e-type=\"widget\" data-settings=\"{&quot;navigation&quot;:&quot;arrows&quot;,&quot;_animation&quot;:&quot;none&quot;,&quot;autoplay&quot;:&quot;yes&quot;,&quot;pause_on_hover&quot;:&quot;yes&quot;,&quot;pause_on_interaction&quot;:&quot;yes&quot;,&quot;autoplay_speed&quot;:5000,&quot;infinite&quot;:&quot;yes&quot;,&quot;transition&quot;:&quot;slide&quot;,&quot;transition_speed&quot;:500}\" data-widget_type=\"slides.default\">\n\t\t\t\t<div class=\"elementor-widget-container\">\n\t\t\t\t\t\t\t\t\t<div class=\"elementor-swiper\">\n\t\t\t\t\t<div class=\"elementor-slides-wrapper elementor-main-swiper swiper\" role=\"region\" aria-roledescription=\"carousel\" aria-label=\"Schieberegler\" dir=\"ltr\" data-animation=\"fadeInUp\">\n\t\t\t\t<div class=\"swiper-wrapper elementor-slides\">\n\t\t\t\t\t\t\t\t\t\t<div class=\"elementor-repeater-item-3fd0f63 swiper-slide\" role=\"group\" aria-roledescription=\"slide\"><div class=\"swiper-slide-bg\" role=\"img\" aria-label=\"regensburg-donau\"><\/div><div class=\"elementor-background-overlay\"><\/div><div class=\"swiper-slide-inner\" ><div class=\"swiper-slide-contents\"><div class=\"elementor-slide-heading\">Impressum<\/div><\/div><\/div><\/div>\t\t\t\t<\/div>\n\t\t\t\t\t\t\t<\/div>\n\t\t\t\t<\/div>\n\t\t\t\t\t\t\t\t<\/div>\n\t\t\t\t<\/div>\n\t\t\t\t<\/div>\n\t\t<div class=\"elementor-element elementor-element-39a1015 e-flex e-con-boxed e-con e-parent\" data-id=\"39a1015\" data-element_type=\"container\" data-e-type=\"container\">\n\t\t\t\t\t<div class=\"e-con-inner\">\n\t\t\t\t<div class=\"elementor-element elementor-element-3eb2af8 elementor-widget elementor-widget-text-editor\" data-id=\"3eb2af8\" data-element_type=\"widget\" data-e-type=\"widget\" data-widget_type=\"text-editor.default\">\n\t\t\t\t<div class=\"elementor-widget-container\">\n\t\t\t\t\t\t\t\t\t<p><b>danumed Medizintechnik GmbH<br \/><\/b>Stadtamhof 18<br \/>93059 Regensburg, Deutschland<\/p><p>Telefon +49 (0)941 890 588 80<\/p><p><a href=\"mailto:info@danumed.com\" target=\"_blank\" rel=\"noopener\">info@danumed.com<\/a><br \/><a href=\"https:\/\/www.danumed.com\/de\/\" rel=\"noopener\">www.danumed.com<\/a><\/p><p>Verantwortlich f\u00fcr den Inhalt:<br \/>Hans Winklmann<\/p><p>Pers\u00f6nlich haftender Gesellschafter:<br \/>danumed Medizintechnik GmbH<\/p><p>Vertreten durch:<br \/>Hans Winklmann<br \/>Sonja Winklmann<\/p><p>Registergericht: Landgericht Regensburg<br \/>Registrierungsnummer: Handelsregister Regensburg HRB 16132<br \/>Steuer-ID-Nummer: DE 313675500<\/p><p>Haftungsausschluss:<br \/>Trotz sorgf\u00e4ltiger inhaltlicher Kontrolle \u00fcbernehmen wir keine Haftung f\u00fcr die Inhalte externer Links. F\u00fcr den Inhalt der verlinkten Seiten sind ausschlie\u00dflich deren Betreiber verantwortlich.<\/p><p>Programmierung und Betrieb der Website:<br \/>evanto media AG<br \/>Brunnstra\u00dfe 25<br \/>93053 Regensburg, Deutschland<br \/><a href=\"https:\/\/www.evanto.de\/\" target=\"_blank\" rel=\"noopener\">www.evanto.de<\/a><\/p><p>Fotos von:<\/p><p><a href=\"http:\/\/www.fotografie-pokorny.de\/\">Fotografie Pokorny<\/a><br \/><a href=\"http:\/\/www.grafikstudio-auw.de\/\">Grafikstudio Art &amp; Weise<\/a><br \/><a href=\"http:\/\/www.monikaroth.de\/\">Fotografie Monika Roth<\/a><br \/>Negro Elkha \/ Fotolia<\/p>\t\t\t\t\t\t\t\t<\/div>\n\t\t\t\t<\/div>\n\t\t<div class=\"elementor-element elementor-element-00286df e-con-full e-flex e-con e-child\" data-id=\"00286df\" data-element_type=\"container\" data-e-type=\"container\" data-settings=\"{&quot;shape_divider_bottom&quot;:&quot;waves&quot;,&quot;shape_divider_bottom_negative&quot;:&quot;yes&quot;}\">\n\t\t\t\t<div class=\"elementor-shape elementor-shape-bottom\" aria-hidden=\"true\" data-negative=\"true\">\n\t\t\t<svg xmlns=\"http:\/\/www.w3.org\/2000\/svg\" viewbox=\"0 0 1000 100\" preserveaspectratio=\"none\">\n\t<path class=\"elementor-shape-fill\" d=\"M790.5,93.1c-59.3-5.3-116.8-18-192.6-50c-29.6-12.7-76.9-31-100.5-35.9c-23.6-4.9-52.6-7.8-75.5-5.3\tc-10.2,1.1-22.6,1.4-50.1,7.4c-27.2,6.3-58.2,16.6-79.4,24.7c-41.3,15.9-94.9,21.9-134,22.6C72,58.2,0,25.8,0,25.8V100h1000V65.3\tc0,0-51.5,19.4-106.2,25.7C839.5,97,814.1,95.2,790.5,93.1z\"\/>\n<\/svg>\t\t<\/div>\n\t\t\t\t<div class=\"elementor-element elementor-element-a75c9d2 elementor--h-position-left elementor--v-position-middle elementor-arrows-position-inside elementor-widget elementor-widget-slides\" data-id=\"a75c9d2\" data-element_type=\"widget\" data-e-type=\"widget\" data-settings=\"{&quot;navigation&quot;:&quot;arrows&quot;,&quot;_animation&quot;:&quot;none&quot;,&quot;autoplay&quot;:&quot;yes&quot;,&quot;pause_on_hover&quot;:&quot;yes&quot;,&quot;pause_on_interaction&quot;:&quot;yes&quot;,&quot;autoplay_speed&quot;:5000,&quot;infinite&quot;:&quot;yes&quot;,&quot;transition&quot;:&quot;slide&quot;,&quot;transition_speed&quot;:500}\" data-widget_type=\"slides.default\">\n\t\t\t\t<div class=\"elementor-widget-container\">\n\t\t\t\t\t\t\t\t\t<div class=\"elementor-swiper\">\n\t\t\t\t\t<div class=\"elementor-slides-wrapper elementor-main-swiper swiper\" role=\"region\" aria-roledescription=\"carousel\" aria-label=\"Schieberegler\" dir=\"ltr\" data-animation=\"fadeInUp\">\n\t\t\t\t<div class=\"swiper-wrapper elementor-slides\">\n\t\t\t\t\t\t\t\t\t\t<div class=\"elementor-repeater-item-3fd0f63 swiper-slide\" role=\"group\" aria-roledescription=\"slide\"><div class=\"swiper-slide-bg\" role=\"img\" aria-label=\"regensburg-donau\"><\/div><div class=\"elementor-background-overlay\"><\/div><div class=\"swiper-slide-inner\" ><div class=\"swiper-slide-contents\"><div class=\"elementor-slide-heading\">Impressum<\/div><\/div><\/div><\/div>\t\t\t\t<\/div>\n\t\t\t\t\t\t\t<\/div>\n\t\t\t\t<\/div>\n\t\t\t\t\t\t\t\t<\/div>\n\t\t\t\t<\/div>\n\t\t\t\t<\/div>\n\t\t\t\t\t<\/div>\n\t\t\t\t<\/div>\n\t\t\t\t<\/div>","protected":false},"excerpt":{"rendered":"<p>Imprint danumed Medizintechnik GmbHStadtamhof 1893059 Regensburg, Germany Phone +49 (0)941 890 588 80 info@danumed.comwww.danumed.com Responsible for the content:Hans Winklmann Personally liable partner:danumed Medizintechnik GmbH Represented by:Hans WinklmannSonja Winklmann Registration Court: District Court RegensburgRegistration Number: Trade Register Regensburg HRB 16132Tax ID number: DE 313675500 Disclaimer:Although we carefully check contents, we do not take any liability for [&hellip;]<\/p>\n","protected":false},"author":1,"featured_media":0,"parent":0,"menu_order":0,"comment_status":"closed","ping_status":"closed","template":"","meta":{"_acf_changed":false,"ocean_post_layout":"","ocean_both_sidebars_style":"","ocean_both_sidebars_content_width":0,"ocean_both_sidebars_sidebars_width":0,"ocean_sidebar":"0","ocean_second_sidebar":"0","ocean_disable_margins":"enable","ocean_add_body_class":"","ocean_shortcode_before_top_bar":"","ocean_shortcode_after_top_bar":"","ocean_shortcode_before_header":"","ocean_shortcode_after_header":"","ocean_has_shortcode":"","ocean_shortcode_after_title":"","ocean_shortcode_before_footer_widgets":"","ocean_shortcode_after_footer_widgets":"","ocean_shortcode_before_footer_bottom":"","ocean_shortcode_after_footer_bottom":"","ocean_display_top_bar":"default","ocean_display_header":"default","ocean_header_style":"","ocean_center_header_left_menu":"0","ocean_custom_header_template":"0","ocean_custom_logo":0,"ocean_custom_retina_logo":0,"ocean_custom_logo_max_width":0,"ocean_custom_logo_tablet_max_width":0,"ocean_custom_logo_mobile_max_width":0,"ocean_custom_logo_max_height":0,"ocean_custom_logo_tablet_max_height":0,"ocean_custom_logo_mobile_max_height":0,"ocean_header_custom_menu":"0","ocean_menu_typo_font_family":"0","ocean_menu_typo_font_subset":"","ocean_menu_typo_font_size":0,"ocean_menu_typo_font_size_tablet":0,"ocean_menu_typo_font_size_mobile":0,"ocean_menu_typo_font_size_unit":"px","ocean_menu_typo_font_weight":"","ocean_menu_typo_font_weight_tablet":"","ocean_menu_typo_font_weight_mobile":"","ocean_menu_typo_transform":"","ocean_menu_typo_transform_tablet":"","ocean_menu_typo_transform_mobile":"","ocean_menu_typo_line_height":0,"ocean_menu_typo_line_height_tablet":0,"ocean_menu_typo_line_height_mobile":0,"ocean_menu_typo_line_height_unit":"","ocean_menu_typo_spacing":0,"ocean_menu_typo_spacing_tablet":0,"ocean_menu_typo_spacing_mobile":0,"ocean_menu_typo_spacing_unit":"","ocean_menu_link_color":"","ocean_menu_link_color_hover":"","ocean_menu_link_color_active":"","ocean_menu_link_background":"","ocean_menu_link_hover_background":"","ocean_menu_link_active_background":"","ocean_menu_social_links_bg":"","ocean_menu_social_hover_links_bg":"","ocean_menu_social_links_color":"","ocean_menu_social_hover_links_color":"","ocean_disable_title":"default","ocean_disable_heading":"default","ocean_post_title":"","ocean_post_subheading":"","ocean_post_title_style":"","ocean_post_title_background_color":"","ocean_post_title_background":0,"ocean_post_title_bg_image_position":"","ocean_post_title_bg_image_attachment":"","ocean_post_title_bg_image_repeat":"","ocean_post_title_bg_image_size":"","ocean_post_title_height":0,"ocean_post_title_bg_overlay":0.5,"ocean_post_title_bg_overlay_color":"","ocean_disable_breadcrumbs":"default","ocean_breadcrumbs_color":"","ocean_breadcrumbs_separator_color":"","ocean_breadcrumbs_links_color":"","ocean_breadcrumbs_links_hover_color":"","ocean_display_footer_widgets":"default","ocean_display_footer_bottom":"default","ocean_custom_footer_template":"0","footnotes":""},"class_list":["post-27","page","type-page","status-publish","hentry","entry"],"acf":[],"yoast_head":"<!-- This site is optimized with the Yoast SEO plugin v27.4 - https:\/\/yoast.com\/product\/yoast-seo-wordpress\/ -->\n<title>Imprint - danumed Medizintechnik GmbH<\/title>\n<meta name=\"description\" content=\"Imprint danumed Medizintechnik GmbHStadtamhof 1893059 Regensburg, GermanyPhone +49 (0)941 890 588 80info@danumed.comwww.danumed.comResponsible for the\" \/>\n<meta name=\"robots\" content=\"index, follow, max-snippet:-1, max-image-preview:large, max-video-preview:-1\" \/>\n<link rel=\"canonical\" href=\"https:\/\/www.danumed.com\/de\/impressum\/\" \/>\n<meta property=\"og:locale\" content=\"de_DE\" \/>\n<meta property=\"og:type\" content=\"article\" \/>\n<meta property=\"og:title\" content=\"Imprint - danumed Medizintechnik GmbH\" \/>\n<meta property=\"og:description\" content=\"Imprint danumed Medizintechnik GmbHStadtamhof 1893059 Regensburg, GermanyPhone +49 (0)941 890 588 80info@danumed.comwww.danumed.comResponsible for the\" \/>\n<meta property=\"og:url\" content=\"https:\/\/www.danumed.com\/de\/impressum\/\" \/>\n<meta property=\"og:site_name\" content=\"danumed Medizintechnik GmbH\" \/>\n<meta property=\"article:modified_time\" content=\"2026-03-10T13:56:41+00:00\" \/>\n<meta property=\"og:image\" content=\"https:\/\/www.danumed.com\/wp-content\/uploads\/2025\/01\/03_Danumed_GastroTube_V2-scaled.jpg\" \/>\n\t<meta property=\"og:image:width\" content=\"2048\" \/>\n\t<meta property=\"og:image:height\" content=\"1078\" \/>\n\t<meta property=\"og:image:type\" content=\"image\/jpeg\" \/>\n<meta name=\"twitter:card\" content=\"summary_large_image\" \/>\n<meta name=\"twitter:label1\" content=\"Gesch\u00e4tzte Lesezeit\" \/>\n\t<meta name=\"twitter:data1\" content=\"1\u00a0Minute\" \/>\n<script type=\"application\/ld+json\" class=\"yoast-schema-graph\">{\"@context\":\"https:\\\/\\\/schema.org\",\"@graph\":[{\"@type\":\"WebPage\",\"@id\":\"https:\\\/\\\/www.danumed.com\\\/imprint\\\/\",\"url\":\"https:\\\/\\\/www.danumed.com\\\/imprint\\\/\",\"name\":\"Imprint - danumed Medizintechnik GmbH\",\"isPartOf\":{\"@id\":\"https:\\\/\\\/www.danumed.com\\\/#website\"},\"datePublished\":\"2022-08-17T14:02:14+00:00\",\"dateModified\":\"2026-03-10T13:56:41+00:00\",\"description\":\"Imprint danumed Medizintechnik GmbHStadtamhof 1893059 Regensburg, GermanyPhone +49 (0)941 890 588 80info@danumed.comwww.danumed.comResponsible for the\",\"breadcrumb\":{\"@id\":\"https:\\\/\\\/www.danumed.com\\\/imprint\\\/#breadcrumb\"},\"inLanguage\":\"de\",\"potentialAction\":[{\"@type\":\"ReadAction\",\"target\":[\"https:\\\/\\\/www.danumed.com\\\/imprint\\\/\"]}]},{\"@type\":\"BreadcrumbList\",\"@id\":\"https:\\\/\\\/www.danumed.com\\\/imprint\\\/#breadcrumb\",\"itemListElement\":[{\"@type\":\"ListItem\",\"position\":1,\"name\":\"Home\",\"item\":\"https:\\\/\\\/www.danumed.com\\\/\"},{\"@type\":\"ListItem\",\"position\":2,\"name\":\"Imprint\"}]},{\"@type\":\"WebSite\",\"@id\":\"https:\\\/\\\/www.danumed.com\\\/#website\",\"url\":\"https:\\\/\\\/www.danumed.com\\\/\",\"name\":\"danumed - trusted partner for advanced enteral solutions\",\"description\":\"Innovators in Enteral Care\",\"publisher\":{\"@id\":\"https:\\\/\\\/www.danumed.com\\\/#organization\"},\"alternateName\":\"danumed medtech\",\"potentialAction\":[{\"@type\":\"SearchAction\",\"target\":{\"@type\":\"EntryPoint\",\"urlTemplate\":\"https:\\\/\\\/www.danumed.com\\\/?s={search_term_string}\"},\"query-input\":{\"@type\":\"PropertyValueSpecification\",\"valueRequired\":true,\"valueName\":\"search_term_string\"}}],\"inLanguage\":\"de\"},{\"@type\":\"Organization\",\"@id\":\"https:\\\/\\\/www.danumed.com\\\/#organization\",\"name\":\"danumed Medizintechnik GmbH\",\"url\":\"https:\\\/\\\/www.danumed.com\\\/\",\"logo\":{\"@type\":\"ImageObject\",\"inLanguage\":\"de\",\"@id\":\"https:\\\/\\\/www.danumed.com\\\/#\\\/schema\\\/logo\\\/image\\\/\",\"url\":\"https:\\\/\\\/www.danumed.com\\\/wp-content\\\/uploads\\\/2024\\\/06\\\/danumed-logo.svg\",\"contentUrl\":\"https:\\\/\\\/www.danumed.com\\\/wp-content\\\/uploads\\\/2024\\\/06\\\/danumed-logo.svg\",\"width\":250,\"height\":76,\"caption\":\"danumed Medizintechnik GmbH\"},\"image\":{\"@id\":\"https:\\\/\\\/www.danumed.com\\\/#\\\/schema\\\/logo\\\/image\\\/\"},\"sameAs\":[\"https:\\\/\\\/www.linkedin.com\\\/company\\\/danumed-medizintechnik\\\/?originalSubdomain=de\"]}]}<\/script>\n<!-- \/ Yoast SEO plugin. -->","yoast_head_json":{"title":"Impressum - danumed Medizintechnik GmbH","description":"Impressum danumed Medizintechnik GmbHStadtamhof 1893059 Regensburg, DeutschlandTelefon +49 (0)941 890 588 80info@danumed.comwww.danumed.comResponsible f\u00fcr die","robots":{"index":"index","follow":"follow","max-snippet":"max-snippet:-1","max-image-preview":"max-image-preview:large","max-video-preview":"max-video-preview:-1"},"canonical":"https:\/\/www.danumed.com\/de\/impressum\/","og_locale":"de_DE","og_type":"article","og_title":"Imprint - danumed Medizintechnik GmbH","og_description":"Imprint danumed Medizintechnik GmbHStadtamhof 1893059 Regensburg, GermanyPhone +49 (0)941 890 588 80info@danumed.comwww.danumed.comResponsible for the","og_url":"https:\/\/www.danumed.com\/de\/impressum\/","og_site_name":"danumed Medizintechnik GmbH","article_modified_time":"2026-03-10T13:56:41+00:00","og_image":[{"width":2048,"height":1078,"url":"https:\/\/www.danumed.com\/wp-content\/uploads\/2025\/01\/03_Danumed_GastroTube_V2-scaled.jpg","type":"image\/jpeg"}],"twitter_card":"summary_large_image","twitter_misc":{"Gesch\u00e4tzte Lesezeit":"1\u00a0Minute"},"schema":{"@context":"https:\/\/schema.org","@graph":[{"@type":"WebPage","@id":"https:\/\/www.danumed.com\/imprint\/","url":"https:\/\/www.danumed.com\/imprint\/","name":"Impressum - danumed Medizintechnik GmbH","isPartOf":{"@id":"https:\/\/www.danumed.com\/#website"},"datePublished":"2022-08-17T14:02:14+00:00","dateModified":"2026-03-10T13:56:41+00:00","description":"Impressum danumed Medizintechnik GmbHStadtamhof 1893059 Regensburg, DeutschlandTelefon +49 (0)941 890 588 80info@danumed.comwww.danumed.comResponsible f\u00fcr die","breadcrumb":{"@id":"https:\/\/www.danumed.com\/imprint\/#breadcrumb"},"inLanguage":"de","potentialAction":[{"@type":"ReadAction","target":["https:\/\/www.danumed.com\/imprint\/"]}]},{"@type":"BreadcrumbList","@id":"https:\/\/www.danumed.com\/imprint\/#breadcrumb","itemListElement":[{"@type":"ListItem","position":1,"name":"Home","item":"https:\/\/www.danumed.com\/"},{"@type":"ListItem","position":2,"name":"Imprint"}]},{"@type":"WebSite","@id":"https:\/\/www.danumed.com\/#website","url":"https:\/\/www.danumed.com\/","name":"danumed - zuverl\u00e4ssiger Partner f\u00fcr fortschrittliche enterale L\u00f6sungen","description":"Innovators in Enteral Care","publisher":{"@id":"https:\/\/www.danumed.com\/#organization"},"alternateName":"danumed medtech","potentialAction":[{"@type":"SearchAction","target":{"@type":"EntryPoint","urlTemplate":"https:\/\/www.danumed.com\/?s={search_term_string}"},"query-input":{"@type":"PropertyValueSpecification","valueRequired":true,"valueName":"search_term_string"}}],"inLanguage":"de"},{"@type":"Organization","@id":"https:\/\/www.danumed.com\/#organization","name":"danumed Medizintechnik GmbH","url":"https:\/\/www.danumed.com\/","logo":{"@type":"ImageObject","inLanguage":"de","@id":"https:\/\/www.danumed.com\/#\/schema\/logo\/image\/","url":"https:\/\/www.danumed.com\/wp-content\/uploads\/2024\/06\/danumed-logo.svg","contentUrl":"https:\/\/www.danumed.com\/wp-content\/uploads\/2024\/06\/danumed-logo.svg","width":250,"height":76,"caption":"danumed Medizintechnik GmbH"},"image":{"@id":"https:\/\/www.danumed.com\/#\/schema\/logo\/image\/"},"sameAs":["https:\/\/www.linkedin.com\/company\/danumed-medizintechnik\/?originalSubdomain=de"]}]}},"_links":{"self":[{"href":"https:\/\/www.danumed.com\/de\/wp-json\/wp\/v2\/pages\/27","targetHints":{"allow":["GET"]}}],"collection":[{"href":"https:\/\/www.danumed.com\/de\/wp-json\/wp\/v2\/pages"}],"about":[{"href":"https:\/\/www.danumed.com\/de\/wp-json\/wp\/v2\/types\/page"}],"author":[{"embeddable":true,"href":"https:\/\/www.danumed.com\/de\/wp-json\/wp\/v2\/users\/1"}],"replies":[{"embeddable":true,"href":"https:\/\/www.danumed.com\/de\/wp-json\/wp\/v2\/comments?post=27"}],"version-history":[{"count":22,"href":"https:\/\/www.danumed.com\/de\/wp-json\/wp\/v2\/pages\/27\/revisions"}],"predecessor-version":[{"id":5097,"href":"https:\/\/www.danumed.com\/de\/wp-json\/wp\/v2\/pages\/27\/revisions\/5097"}],"wp:attachment":[{"href":"https:\/\/www.danumed.com\/de\/wp-json\/wp\/v2\/media?parent=27"}],"curies":[{"name":"wp","href":"https:\/\/api.w.org\/{rel}","templated":true}]}}